{"id":329,"date":"2026-01-07T17:07:46","date_gmt":"2026-01-07T16:07:46","guid":{"rendered":"https:\/\/graciazubiri.com\/proteccion-de-datos\/"},"modified":"2026-01-25T07:26:25","modified_gmt":"2026-01-25T06:26:25","slug":"protection-des-donnees","status":"publish","type":"page","link":"https:\/\/graciazubiri.com\/fr\/protection-des-donnees\/","title":{"rendered":"Protection des Donn\u00e9es"},"content":{"rendered":"<h2 class=\"title\">Conservation des donn\u00e9es<\/h2>\n<div class=\"answer\">\n<div class=\"question active\">\n<div class=\"answer\">\n<div class=\"question active\">\n<div class=\"answer\">\n<p>Afin de se conformer au RGPD et \u00e0 la Loi organique 3\/2018, les donn\u00e9es fournies seront int\u00e9gr\u00e9es dans un fichier de donn\u00e9es dont le responsable du traitement est GRACIA ZUBIRI AND PARTNERS, S.L.P. Email: <a href=\"mailto:despacho@graciazubiri.com\">despacho@graciazubiri.com<\/a><\/p>\n<\/div>\n<\/div>\n<div class=\"question\">\n<div class=\"title\">\n<h2 class=\"title\">Traitement des donn\u00e9es<\/h2>\n<div class=\"answer\">\n<div class=\"question active\">\n<div class=\"answer\">\n<p>La informaci\u00f3n facilitada ser\u00e1 tratada y es necesaria para prestar los servicios objeto de contrato. Les donn\u00e9es sont n\u00e9cessaires \u00e0 la fourniture des services contract\u00e9s et pourront \u00e9galement \u00eatre utilis\u00e9es pour r\u00e9pondre aux demandes, \u00e9mettre des factures, envoyer des communications professionnelles et assurer la gestion administrative interne.<\/p>\n<\/div>\n<\/div>\n<div class=\"question\">\n<div class=\"title\">\n<h2 class=\"title\">Communication \u00e0 des tiers<\/h2>\n<div class=\"answer\">\n<p>Aucune communication \u00e0 des tiers, sauf obligation l\u00e9gale (administration fiscale, SEPBLAC, organismes publics) ou n\u00e9cessit\u00e9 li\u00e9e \u00e0 la prestation du service.<\/p>\n<\/div>\n<\/div>\n<\/div>\n<\/div>\n<\/div>\n<\/div>\n<\/div>\n<\/div>\n<div class=\"question\">\n<div class=\"title\">\n<h2 class=\"title\">Droits des personnes concern\u00e9es<\/h2>\n<div class=\"answer\">\n<div class=\"question active\">\n<div class=\"answer\">\n<p>Droits d\u2019acc\u00e8s, de rectification, de suppression, d\u2019opposition, de limitation et de portabilit\u00e9, sur demande adress\u00e9e \u00e0 <a href=\"mailto:despacho@graciazubiri.com\">despacho@graciazubiri.com<\/a><\/p>\n<\/div>\n<\/div>\n<div class=\"question\">\n<div class=\"title\">\n<h2 class=\"title\">Dur\u00e9e de conservation<\/h2>\n<div class=\"answer\">\n<p>Les donn\u00e9es seront conserv\u00e9es pendant la dur\u00e9e de la relation contractuelle et, ensuite, pendant les d\u00e9lais l\u00e9gaux de responsabilit\u00e9 applicables (notamment 6, 5, 10 ou 4 ans selon la nature des obligations).<\/p>\n<\/div>\n<\/div>\n<\/div>\n<\/div>\n<\/div>\n<\/div>\n<\/div>\n","protected":false},"excerpt":{"rendered":"<p>Conservation des donn\u00e9es Afin de se conformer au RGPD et \u00e0 la Loi organique 3\/2018, les donn\u00e9es fournies seront int\u00e9gr\u00e9es dans un fichier de donn\u00e9es dont le responsable du traitement est GRACIA ZUBIRI AND PARTNERS, S.L.P. Email: despacho@graciazubiri.com Traitement des donn\u00e9es La informaci\u00f3n facilitada ser\u00e1 tratada y es necesaria para prestar los servicios objeto de [&hellip;]<\/p>\n","protected":false},"author":2,"featured_media":0,"parent":0,"menu_order":0,"comment_status":"closed","ping_status":"closed","template":"","meta":{"_et_pb_use_builder":"","_et_pb_old_content":"","_et_gb_content_width":"","footnotes":""},"class_list":["post-329","page","type-page","status-publish","hentry"],"_links":{"self":[{"href":"https:\/\/graciazubiri.com\/fr\/wp-json\/wp\/v2\/pages\/329","targetHints":{"allow":["GET"]}}],"collection":[{"href":"https:\/\/graciazubiri.com\/fr\/wp-json\/wp\/v2\/pages"}],"about":[{"href":"https:\/\/graciazubiri.com\/fr\/wp-json\/wp\/v2\/types\/page"}],"author":[{"embeddable":true,"href":"https:\/\/graciazubiri.com\/fr\/wp-json\/wp\/v2\/users\/2"}],"replies":[{"embeddable":true,"href":"https:\/\/graciazubiri.com\/fr\/wp-json\/wp\/v2\/comments?post=329"}],"version-history":[{"count":1,"href":"https:\/\/graciazubiri.com\/fr\/wp-json\/wp\/v2\/pages\/329\/revisions"}],"predecessor-version":[{"id":330,"href":"https:\/\/graciazubiri.com\/fr\/wp-json\/wp\/v2\/pages\/329\/revisions\/330"}],"wp:attachment":[{"href":"https:\/\/graciazubiri.com\/fr\/wp-json\/wp\/v2\/media?parent=329"}],"curies":[{"name":"wp","href":"https:\/\/api.w.org\/{rel}","templated":true}]}}